{"id":4874,"date":"2023-12-13T04:07:59","date_gmt":"2023-12-13T04:07:59","guid":{"rendered":"https:\/\/favdevs.com\/demos\/wp\/zubaz\/?page_id=4874"},"modified":"2024-04-16T17:42:00","modified_gmt":"2024-04-16T17:42:00","slug":"how-it-works","status":"publish","type":"page","link":"https:\/\/visiocall.ch\/fr\/how-it-works\/","title":{"rendered":"Comment \u00e7a fonctionne"},"content":{"rendered":"<div data-elementor-type=\"wp-page\" data-elementor-id=\"4874\" class=\"elementor elementor-4874\" data-elementor-post-type=\"page\">\n\t\t\t\t<div class=\"elementor-element elementor-element-da8ba57 e-con-full e-flex e-con e-parent\" data-id=\"da8ba57\" data-element_type=\"container\" data-settings=\"{&quot;background_background&quot;:&quot;classic&quot;}\">\n\t\t<div class=\"elementor-element elementor-element-b760f6a e-flex e-con-boxed e-con e-child\" data-id=\"b760f6a\" data-element_type=\"container\">\n\t\t\t\t\t<div class=\"e-con-inner\">\n\t\t<div class=\"elementor-element elementor-element-b44cbbb e-flex e-con-boxed e-con e-child\" data-id=\"b44cbbb\" data-element_type=\"container\">\n\t\t\t\t\t<div class=\"e-con-inner\">\n\t\t\t\t<div class=\"elementor-element elementor-element-8de6a31 mas-addons-sticky-no elementor-widget elementor-widget-mas-addons-heading\" data-id=\"8de6a31\" data-element_type=\"widget\" data-settings=\"{&quot;mas_addons_sticky&quot;:&quot;no&quot;}\" data-widget_type=\"mas-addons-heading.default\">\n\t\t\t\t<div class=\"elementor-widget-container\">\n\t\t\t\t\t<h1 class=\"mas-addons-heading-title show-line-\">Comment \u00e7a fonctionne<\/h1>\t\t\t\t<\/div>\n\t\t\t\t<\/div>\n\t\t\t\t<div class=\"elementor-element elementor-element-b502f71 mas-addons-sticky-no elementor-widget elementor-widget-mas-addons-breadcrumb\" data-id=\"b502f71\" data-element_type=\"widget\" data-settings=\"{&quot;mas_addons_sticky&quot;:&quot;no&quot;}\" data-widget_type=\"mas-addons-breadcrumb.default\">\n\t\t\t\t<div class=\"elementor-widget-container\">\n\t\t\t\t\t<ul class=\"mas-addons-breadcrumbs\"><li class=\"mas-addons-breadcrumbs-item mas-addons-breadcrumbs-start\"><a href=\"https:\/\/visiocall.ch\/fr\/\" rel=\"home\"><span class=\"mas-addons-breadcrumbs-text\">Accueil<\/span><\/a><\/li><\/ul>\t\t\t\t<\/div>\n\t\t\t\t<\/div>\n\t\t\t\t\t<\/div>\n\t\t\t\t<\/div>\n\t\t\t\t\t<\/div>\n\t\t\t\t<\/div>\n\t\t\t\t<\/div>\n\t\t<div class=\"elementor-element elementor-element-de87a67 e-flex e-con-boxed e-con e-parent\" data-id=\"de87a67\" data-element_type=\"container\">\n\t\t\t\t\t<div class=\"e-con-inner\">\n\t\t<div class=\"elementor-element elementor-element-02027f4 e-con-full e-flex e-con e-child\" data-id=\"02027f4\" data-element_type=\"container\">\n\t\t\t\t<div class=\"elementor-element elementor-element-42ec173 mas-addons-sticky-no elementor-widget elementor-widget-mas-addons-heading\" data-id=\"42ec173\" data-element_type=\"widget\" data-settings=\"{&quot;mas_addons_sticky&quot;:&quot;no&quot;}\" data-widget_type=\"mas-addons-heading.default\">\n\t\t\t\t<div class=\"elementor-widget-container\">\n\t\t\t\t\t<h3 class=\"mas-addons-heading-title show-line-no\">Vivez des appels vid\u00e9o HD+ partout et \u00e0 tout moment\n\n<\/h3>\t\t\t\t<\/div>\n\t\t\t\t<\/div>\n\t\t\t\t<div class=\"elementor-element elementor-element-0647268 zubaz-size-default mas-addons-sticky-no elementor-widget elementor-widget-zubaz-text-editor\" data-id=\"0647268\" data-element_type=\"widget\" data-settings=\"{&quot;mas_addons_sticky&quot;:&quot;no&quot;}\" data-widget_type=\"zubaz-text-editor.default\">\n\t\t\t\t<div class=\"elementor-widget-container\">\n\t\t\t\t\t\t\t\t\t\t<div class=\"zubaz-text-editor zubaz-clearfix\">\n\t\t\t\t\t\t<div class=\"zubaz-paragraph-editor\">\n\t\t\t\t<div class=\"zubaz-size-default\"><p>Profitez d'appels vid\u00e9o HD+ d'une clart\u00e9 cristalline avec VisioCall, vous connectant sans effort avec n'importe qui, n'importe o\u00f9, pour une clart\u00e9 de communication in\u00e9gal\u00e9e.<\/p>\n<\/div>\n\t\t\t<\/div>\n\t\t\t\t\t<\/div>\n\t\t\t\t\t\t<\/div>\n\t\t\t\t<\/div>\n\t\t<div class=\"elementor-element elementor-element-4c336ed e-flex e-con-boxed e-con e-child\" data-id=\"4c336ed\" data-element_type=\"container\">\n\t\t\t\t\t<div class=\"e-con-inner\">\n\t\t<div class=\"elementor-element elementor-element-21cf403 e-flex e-con-boxed e-con e-child\" data-id=\"21cf403\" data-element_type=\"container\">\n\t\t\t\t\t<div class=\"e-con-inner\">\n\t\t\t\t<div class=\"elementor-element elementor-element-dbda6d1 fsd-css-transform-yes mas-addons-sticky-no elementor-widget elementor-widget-image\" data-id=\"dbda6d1\" data-element_type=\"widget\" data-settings=\"{&quot;mas_addons_sticky&quot;:&quot;no&quot;}\" data-widget_type=\"image.default\">\n\t\t\t\t<div class=\"elementor-widget-container\">\n\t\t\t\t\t\t\t\t\t\t\t\t\t\t\t\t<a href=\"#\">\n\t\t\t\t\t\t\t<img decoding=\"async\" width=\"186\" height=\"57\" src=\"https:\/\/visiocall.ch\/wp-content\/uploads\/2023\/12\/play-store.png\" class=\"attachment-large size-large wp-image-981\" alt=\"\" \/>\t\t\t\t\t\t\t\t<\/a>\n\t\t\t\t\t\t\t\t\t\t\t\t\t\t\t<\/div>\n\t\t\t\t<\/div>\n\t\t\t\t<div class=\"elementor-element elementor-element-c101ec7 fsd-css-transform-yes mas-addons-sticky-no elementor-widget elementor-widget-image\" data-id=\"c101ec7\" data-element_type=\"widget\" data-settings=\"{&quot;mas_addons_sticky&quot;:&quot;no&quot;}\" data-widget_type=\"image.default\">\n\t\t\t\t<div class=\"elementor-widget-container\">\n\t\t\t\t\t\t\t\t\t\t\t\t\t\t\t\t<a href=\"#\">\n\t\t\t\t\t\t\t<img decoding=\"async\" width=\"187\" height=\"61\" src=\"https:\/\/visiocall.ch\/wp-content\/uploads\/2023\/12\/app-store.png\" class=\"attachment-large size-large wp-image-982\" alt=\"\" \/>\t\t\t\t\t\t\t\t<\/a>\n\t\t\t\t\t\t\t\t\t\t\t\t\t\t\t<\/div>\n\t\t\t\t<\/div>\n\t\t\t\t<div class=\"elementor-element elementor-element-699964e elementor-hidden-tablet elementor-hidden-mobile mas-addons-sticky-no elementor-widget elementor-widget-image\" data-id=\"699964e\" data-element_type=\"widget\" data-settings=\"{&quot;fd_addon_floating_fx&quot;:&quot;yes&quot;,&quot;fd_addon_floating_fx_translate_toggle&quot;:&quot;yes&quot;,&quot;fd_addon_floating_fx_translate_x&quot;:{&quot;unit&quot;:&quot;px&quot;,&quot;size&quot;:&quot;&quot;,&quot;sizes&quot;:{&quot;from&quot;:-6,&quot;to&quot;:20}},&quot;fd_addon_floating_fx_translate_y&quot;:{&quot;unit&quot;:&quot;px&quot;,&quot;size&quot;:&quot;&quot;,&quot;sizes&quot;:{&quot;from&quot;:0,&quot;to&quot;:0}},&quot;fd_addon_floating_fx_translate_duration&quot;:{&quot;unit&quot;:&quot;px&quot;,&quot;size&quot;:2500,&quot;sizes&quot;:[]},&quot;fd_addon_floating_fx_translate_delay&quot;:{&quot;unit&quot;:&quot;px&quot;,&quot;size&quot;:&quot;&quot;,&quot;sizes&quot;:[]},&quot;mas_addons_sticky&quot;:&quot;no&quot;}\" data-widget_type=\"image.default\">\n\t\t\t\t<div class=\"elementor-widget-container\">\n\t\t\t\t\t\t\t\t\t\t\t\t\t\t\t<img decoding=\"async\" width=\"274\" height=\"125\" src=\"https:\/\/visiocall.ch\/wp-content\/uploads\/2023\/12\/shape2.png\" class=\"attachment-large size-large wp-image-983\" alt=\"\" \/>\t\t\t\t\t\t\t\t\t\t\t\t\t\t\t<\/div>\n\t\t\t\t<\/div>\n\t\t\t\t\t<\/div>\n\t\t\t\t<\/div>\n\t\t\t\t\t<\/div>\n\t\t\t\t<\/div>\n\t\t\t\t<\/div>\n\t\t<div class=\"elementor-element elementor-element-aded9d5 e-con-full e-flex e-con e-child\" data-id=\"aded9d5\" data-element_type=\"container\">\n\t\t\t\t<div class=\"elementor-element elementor-element-10cfb77 mas-addons-sticky-no elementor-widget elementor-widget-mas-addons-accordion\" data-id=\"10cfb77\" data-element_type=\"widget\" data-settings=\"{&quot;mas_addons_sticky&quot;:&quot;no&quot;}\" data-widget_type=\"mas-addons-accordion.default\">\n\t\t\t\t<div class=\"elementor-widget-container\">\n\t\t\t\t\t<div class=\"mas-addons-accordion-items\"><div class=\"mas-addons-accordion-single-item   elementor-repeater-item-fe923d1\"><div class=\"mas-addons-accordion-title\"><h4 class=\"mas-addons-accordion-heading\">1. T\u00e9l\u00e9chargez et installez <\/h4><div class=\"mas-addons-active-inactive-icon\"><span class=\"mas-addons-active-icon\"><svg xmlns=\"http:\/\/www.w3.org\/2000\/svg\" width=\"22\" height=\"13\" viewbox=\"0 0 22 13\" fill=\"none\"><path d=\"M2.25 10.75L11 2L19.75 10.75\" stroke=\"#ABFB4F\" stroke-width=\"3\" stroke-linecap=\"round\" stroke-linejoin=\"round\"><\/path><\/svg><\/span><span class=\"mas-addons-inactive-icon\"><svg xmlns=\"http:\/\/www.w3.org\/2000\/svg\" width=\"22\" height=\"13\" viewbox=\"0 0 22 13\" fill=\"none\"><path d=\"M19.75 2.25L11 11L2.25 2.25\" stroke=\"#111827\" stroke-width=\"3\" stroke-linecap=\"round\" stroke-linejoin=\"round\"><\/path><\/svg><\/span><\/div><\/div><div class=\"mas-addons-accordion-content\"><div class=\"mas-addons-accordion-content-wrapper has-image-no image-position-right\"><div class=\"mas-addons-accordion-text\"><p class=\"zubaz-size-default\" >Rejoignez VisioCall sans effort et profitez de nos fonctionnalit\u00e9s d'appels vid\u00e9o s\u00e9curis\u00e9es, enti\u00e8rement gratuites.<\/p><\/div><\/div><\/div><\/div><div class=\"mas-addons-accordion-single-item no  elementor-repeater-item-f7d32ed\"><div class=\"mas-addons-accordion-title\"><h4 class=\"mas-addons-accordion-heading\">2. Inscrivez-vous gratuitement<\/h4><div class=\"mas-addons-active-inactive-icon\"><span class=\"mas-addons-active-icon\"><svg xmlns=\"http:\/\/www.w3.org\/2000\/svg\" width=\"22\" height=\"13\" viewbox=\"0 0 22 13\" fill=\"none\"><path d=\"M2.25 10.75L11 2L19.75 10.75\" stroke=\"#ABFB4F\" stroke-width=\"3\" stroke-linecap=\"round\" stroke-linejoin=\"round\"><\/path><\/svg><\/span><span class=\"mas-addons-inactive-icon\"><svg xmlns=\"http:\/\/www.w3.org\/2000\/svg\" width=\"22\" height=\"13\" viewbox=\"0 0 22 13\" fill=\"none\"><path d=\"M19.75 2.25L11 11L2.25 2.25\" stroke=\"#111827\" stroke-width=\"3\" stroke-linecap=\"round\" stroke-linejoin=\"round\"><\/path><\/svg><\/span><\/div><\/div><div class=\"mas-addons-accordion-content\"><div class=\"mas-addons-accordion-content-wrapper has-image-no image-position-right\"><div class=\"mas-addons-accordion-text\"><p class=\"zubaz-size-default\" > Rejoignez VisioCall sans effort et profitez de nos fonctionnalit\u00e9s d'appels vid\u00e9o s\u00e9curis\u00e9es, enti\u00e8rement gratuites.<\/p><\/div><\/div><\/div><\/div><div class=\"mas-addons-accordion-single-item no  elementor-repeater-item-1c35882\"><div class=\"mas-addons-accordion-title\"><h4 class=\"mas-addons-accordion-heading\">3. Appel vid\u00e9o illimit\u00e9<\/h4><div class=\"mas-addons-active-inactive-icon\"><span class=\"mas-addons-active-icon\"><svg xmlns=\"http:\/\/www.w3.org\/2000\/svg\" width=\"22\" height=\"13\" viewbox=\"0 0 22 13\" fill=\"none\"><path d=\"M2.25 10.75L11 2L19.75 10.75\" stroke=\"#ABFB4F\" stroke-width=\"3\" stroke-linecap=\"round\" stroke-linejoin=\"round\"><\/path><\/svg><\/span><span class=\"mas-addons-inactive-icon\"><svg xmlns=\"http:\/\/www.w3.org\/2000\/svg\" width=\"22\" height=\"13\" viewbox=\"0 0 22 13\" fill=\"none\"><path d=\"M19.75 2.25L11 11L2.25 2.25\" stroke=\"#111827\" stroke-width=\"3\" stroke-linecap=\"round\" stroke-linejoin=\"round\"><\/path><\/svg><\/span><\/div><\/div><div class=\"mas-addons-accordion-content\"><div class=\"mas-addons-accordion-content-wrapper has-image-no image-position-right\"><div class=\"mas-addons-accordion-text\"><p class=\"zubaz-size-default\" >Connect without limits. VisioCall offers unlimited video calls, ensuring seamless communication for all your needs.<\/p><\/div><\/div><\/div><\/div><\/div>\t\t\t\t<\/div>\n\t\t\t\t<\/div>\n\t\t\t\t<\/div>\n\t\t\t\t\t<\/div>\n\t\t\t\t<\/div>\n\t\t\t\t<\/div>","protected":false},"excerpt":{"rendered":"<p>How it Works Home Experience HD+ Video Calls Anywhere, Anytime Enjoy crystal-clear HD+ video calls with VisioCall, connecting you effortlessly with anyone, anywhere, for unparalleled communication clarity. 1. Download and Install Join VisioCall effortlessly and enjoy our secure video calling features, completely free of charge. 2. Sign up for free Join VisioCall effortlessly and enjoy [&hellip;]<\/p>\n","protected":false},"author":1,"featured_media":0,"parent":0,"menu_order":0,"comment_status":"closed","ping_status":"closed","template":"elementor_header_footer","meta":{"inline_featured_image":false,"footnotes":""},"acf":[],"_links":{"self":[{"href":"https:\/\/visiocall.ch\/fr\/wp-json\/wp\/v2\/pages\/4874"}],"collection":[{"href":"https:\/\/visiocall.ch\/fr\/wp-json\/wp\/v2\/pages"}],"about":[{"href":"https:\/\/visiocall.ch\/fr\/wp-json\/wp\/v2\/types\/page"}],"author":[{"embeddable":true,"href":"https:\/\/visiocall.ch\/fr\/wp-json\/wp\/v2\/users\/1"}],"replies":[{"embeddable":true,"href":"https:\/\/visiocall.ch\/fr\/wp-json\/wp\/v2\/comments?post=4874"}],"version-history":[{"count":5,"href":"https:\/\/visiocall.ch\/fr\/wp-json\/wp\/v2\/pages\/4874\/revisions"}],"predecessor-version":[{"id":5399,"href":"https:\/\/visiocall.ch\/fr\/wp-json\/wp\/v2\/pages\/4874\/revisions\/5399"}],"wp:attachment":[{"href":"https:\/\/visiocall.ch\/fr\/wp-json\/wp\/v2\/media?parent=4874"}],"curies":[{"name":"wp","href":"https:\/\/api.w.org\/{rel}","templated":true}]}}